{"id":2200,"date":"2024-03-26T04:59:22","date_gmt":"2024-03-26T04:59:22","guid":{"rendered":"https:\/\/sarahmunozdesign.club\/?post_type=product&#038;p=2200"},"modified":"2026-04-21T05:49:43","modified_gmt":"2026-04-21T05:49:43","slug":"toy-kitchen-kit","status":"publish","type":"product","link":"https:\/\/sarahmunozdesign.club\/es\/producto\/toy-kitchen-kit\/","title":{"rendered":"Kit de Cocina de Juguete"},"content":{"rendered":"","protected":false},"excerpt":{"rendered":"<p>\u00bfRecuerdas jugar a la cocinita cuando eras peque? Con este kit, que contiene mis dos primeros patrones de costura, quise traer esa nostalgia de jugar a la cocinita al presente. \u00a1Las horas de juego para los m\u00e1s peque\u00f1os de la casa est\u00e1n garantizadas!<\/p>\n<p>Este Kit contiene:<\/p>\n<ul>\n<li>Paso-a-paso para la costura de los Guantes y el Delantal<\/li>\n<li>Patr\u00f3n de costura para Guantes de Cocina en Cuatro Tallas<\/li>\n<li>Patr\u00f3n de Costura de Delantal Estilo Vintage  en Cuatro Tallas<\/li>\n<li>\u00a0Caja Imprimible de Mezcla para Panqueques<\/li>\n<li>\u00a0Caja de cereal imprimible<\/li>\n<li>\u00a0Caja de pizza imprimible<\/li>\n<li>\u00a0Paquete De Galletas Imprimible<\/li>\n<li>\u00a0Cajas de Leche de fresa, de chocolate y vainilla imprimibles<\/li>\n<li>\u00a0Men\u00fa De Restaurante Imprimible<\/li>\n<li>\u00a0Set de 24 etiquetas<\/li>\n<li>\u00a0Plantilla de Recibo imprimible<\/li>\n<li>\u00a0Logo de Pasteler\u00eda imprimible, de 60cmx40cm<\/li>\n<\/ul>\n<p>\u2728 \u00bfQu\u00e9 ganas al adquirir este Kit de Cocina? \u2728<\/p>\n<p>Acceso instant\u00e1neo: tan pronto como tu compra se ha completado, tendr\u00e1s acceso a todos estos divertidos dise\u00f1os, listos para imprimir y jugar.Tambi\u00e9n podr\u00e1s comenzar a coser inmediatamente.<\/p>\n<p>Instrucciones por escrito y en video: adem\u00e1s de las instrucciones de costura por escrito para los guantes y el delantal vintage, hay un \u00fatil video tutorial de YouTube.<\/p>\n<p>Vers\u00e1til y Reutilizable: Imprime los dise\u00f1os tantas veces como quieras<\/p>\n<p>Educaci\u00f3n: \u00a1La mejor manera de aprender es jugando! Con este Kit imprimible, su hija o hijo aprender\u00e1 acerca de las matem\u00e1ticas,  geometr\u00eda, y de c\u00f3mo una forma 2D se transforma en un Objeto 3D. Fomente la creatividad en su peque, las habilidades matem\u00e1ticas y el desarrollo social en una forma divertida e interactiva.<\/p>\n<p>\u00a1Tu y tu hijo tambi\u00e9n pondr\u00e1n en pr\u00e1ctica habilidades de costura y adem\u00e1s tendr\u00e1n mucha diversi\u00f3n!<\/p>\n<p>\u2728 C\u00f3mo Utilizar: \u2728<\/p>\n<p>Simplemente descargue el kit de impresi\u00f3n de las p\u00e1ginas, y arme las cajas.<\/p>\n<p>https:\/\/youtu.be\/QNTiqfKYT9c<\/p>\n<p>Ninguna parte de estos patrones, dise\u00f1os, im\u00e1genes y puede ser fotocopiada, reproducida o alterada para la venta.<br \/>\nLas im\u00e1genes y la informaci\u00f3n dentro de estos archivos no puede ser compartida o distribuida.<\/p>\n<h3 style=\"text-align: center;\"><strong>Got a minute? Please help me fill out<a href=\"https:\/\/docs.google.com\/forms\/d\/1wxvCelezL8liFJNRIZKWM0J2vEjWICHd2hTiTi5XgGI\/edit\">\u00a0this survey<\/a>\u00a0in order to learn about what type of content you would like to see on my channel and which platform works best for you to acquire this kind of digital products.<\/strong><\/h3>\n<p>\u00bfTe gusta el kit?<\/p>\n<p>\u00a1Muestrale al mundo!<\/p>\n<p>Puedes compartir tus creaciones en mis redes:<\/p>","protected":false},"featured_media":2340,"comment_status":"open","ping_status":"closed","template":"","meta":{"_monsterinsights_skip_tracking":false,"_monsterinsights_sitenote_active":false,"_monsterinsights_sitenote_note":"","_monsterinsights_sitenote_category":0},"product_brand":[],"product_cat":[125],"product_tag":[],"class_list":{"0":"post-2200","1":"product","2":"type-product","3":"status-publish","4":"has-post-thumbnail","6":"product_cat-products","8":"first","9":"instock","10":"downloadable","11":"sold-individually","12":"shipping-taxable","13":"purchasable","14":"product-type-simple"},"aioseo_notices":[],"acf":[],"_links":{"self":[{"href":"https:\/\/sarahmunozdesign.club\/es\/wp-json\/wp\/v2\/product\/2200","targetHints":{"allow":["GET"]}}],"collection":[{"href":"https:\/\/sarahmunozdesign.club\/es\/wp-json\/wp\/v2\/product"}],"about":[{"href":"https:\/\/sarahmunozdesign.club\/es\/wp-json\/wp\/v2\/types\/product"}],"replies":[{"embeddable":true,"href":"https:\/\/sarahmunozdesign.club\/es\/wp-json\/wp\/v2\/comments?post=2200"}],"wp:featuredmedia":[{"embeddable":true,"href":"https:\/\/sarahmunozdesign.club\/es\/wp-json\/wp\/v2\/media\/2340"}],"wp:attachment":[{"href":"https:\/\/sarahmunozdesign.club\/es\/wp-json\/wp\/v2\/media?parent=2200"}],"wp:term":[{"taxonomy":"product_brand","embeddable":true,"href":"https:\/\/sarahmunozdesign.club\/es\/wp-json\/wp\/v2\/product_brand?post=2200"},{"taxonomy":"product_cat","embeddable":true,"href":"https:\/\/sarahmunozdesign.club\/es\/wp-json\/wp\/v2\/product_cat?post=2200"},{"taxonomy":"product_tag","embeddable":true,"href":"https:\/\/sarahmunozdesign.club\/es\/wp-json\/wp\/v2\/product_tag?post=2200"}],"curies":[{"name":"wp","href":"https:\/\/api.w.org\/{rel}","templated":true}]}}